{"id":1298,"date":"2026-02-22T23:10:13","date_gmt":"2026-02-22T23:10:13","guid":{"rendered":"https:\/\/world4all.fun\/?page_id=1298"},"modified":"2026-03-01T14:59:12","modified_gmt":"2026-03-01T14:59:12","slug":"esg","status":"publish","type":"page","link":"https:\/\/world4all.fun\/es\/esg\/","title":{"rendered":"ESG"},"content":{"rendered":"<div data-elementor-type=\"wp-page\" data-elementor-id=\"1298\" class=\"elementor elementor-1298\" data-elementor-post-type=\"page\">\n\t\t\t\t<div class=\"elementor-element elementor-element-2ac209f e-con-full e-flex e-con e-parent\" data-id=\"2ac209f\" data-element_type=\"container\" data-e-type=\"container\" data-settings=\"{&quot;background_background&quot;:&quot;classic&quot;}\">\n\t\t<div class=\"elementor-element elementor-element-d4c5531 e-con-full e-flex e-con e-child\" data-id=\"d4c5531\" data-element_type=\"container\" data-e-type=\"container\" data-settings=\"{&quot;background_background&quot;:&quot;classic&quot;}\">\n\t\t<div class=\"elementor-element elementor-element-1d2f42e e-con-full e-flex e-con e-child\" data-id=\"1d2f42e\" data-element_type=\"container\" data-e-type=\"container\">\n\t\t\t\t<div class=\"elementor-element elementor-element-0d6cb66 elementor-widget elementor-widget-hfe-breadcrumbs-widget\" data-id=\"0d6cb66\" data-element_type=\"widget\" data-e-type=\"widget\" data-widget_type=\"hfe-breadcrumbs-widget.default\">\n\t\t\t\t<div class=\"elementor-widget-container\">\n\t\t\t\t\t<nav aria-label=\"Migas de pan\"><ul class=\"hfe-breadcrumbs\"><\/ul><\/nav>\t\t\t\t<\/div>\n\t\t\t\t<\/div>\n\t\t\t\t<div class=\"elementor-element elementor-element-77c2e4e elementor-widget__width-initial elementor-widget-mobile__width-inherit text-center elementor-widget elementor-widget-tp-heading-title\" data-id=\"77c2e4e\" data-element_type=\"widget\" data-e-type=\"widget\" data-widget_type=\"tp-heading-title.default\">\n\t\t\t\t\t<div class=\"heading heading_style heading_style69e13d4249e92 style-1\"  data-tp-gsap-heading-text=\"{&quot;tp_enable_ani&quot;:&quot;yes&quot;,&quot;tp_effect&quot;:&quot;normal&quot;,&quot;tp_split_type&quot;:&quot;chars&quot;,&quot;tp_trigger&quot;:&quot;onload&quot;,&quot;tp_duration&quot;:1.2,&quot;tp_delay&quot;:0.3,&quot;tp_stagger&quot;:0.04,&quot;tp_ease&quot;:&quot;power1.out&quot;,&quot;tp_repeat&quot;:&quot;no&quot;,&quot;tp_scrub&quot;:&quot;&quot;,&quot;transform_toggle&quot;:&quot;no&quot;,&quot;transform_x&quot;:0,&quot;transform_x_unit&quot;:&quot;px&quot;,&quot;transform_y&quot;:0,&quot;transform_y_unit&quot;:&quot;px&quot;,&quot;transform_skewx&quot;:0,&quot;transform_skewy&quot;:0,&quot;transform_scale&quot;:1,&quot;transform_rotation&quot;:0,&quot;transform_origin&quot;:&quot;50% 50%&quot;}\" data-tp-gsap-sub-heading-text=\"\"><div class=\"sub-style\" ><div class=\"head-title\" > <h2  class=\"heading-title\"  data-hover=\"WORLD4ALL SRL&lt;br&gt; ottiene il Rating&lt;br&gt; di Sostenibilit\u00e0 \u201cA\u201d\">WORLD4ALL SRL<br> obtiene la Calificaci\u00f3n<br> de Sostenibilidad \u201cA\u201d<span class=\"title-s\">  <\/span><\/h2><\/div><div class=\"sub-heading\"><h3 class=\"heading-sub-title\"> Un premio que refuerza nuestro compromiso con una gesti\u00f3n responsable y transparente <\/h3><\/div><\/div><\/div>\t\t\t\t<\/div>\n\t\t\t\t<\/div>\n\t\t\t\t<\/div>\n\t\t\t\t<\/div>\n\t\t<div class=\"elementor-element elementor-element-10cd9df e-con-full e-flex e-con e-parent\" data-id=\"10cd9df\" data-element_type=\"container\" data-e-type=\"container\" data-settings=\"{&quot;background_background&quot;:&quot;classic&quot;}\">\n\t\t<div class=\"elementor-element elementor-element-f8f29d3 e-con-full e-flex e-con e-child\" data-id=\"f8f29d3\" data-element_type=\"container\" data-e-type=\"container\" data-settings=\"{&quot;background_background&quot;:&quot;classic&quot;}\">\n\t\t<div class=\"elementor-element elementor-element-6f24a31 e-flex e-con-boxed e-con e-child\" data-id=\"6f24a31\" data-element_type=\"container\" data-e-type=\"container\">\n\t\t\t\t\t<div class=\"e-con-inner\">\n\t\t<div class=\"elementor-element elementor-element-0350e39 e-con-full e-flex e-con e-child\" data-id=\"0350e39\" data-element_type=\"container\" data-e-type=\"container\">\n\t\t\t\t<div class=\"elementor-element elementor-element-c39a118 text--tabletcenter text--mobilecenter text-left elementor-widget elementor-widget-tp-heading-title\" data-id=\"c39a118\" data-element_type=\"widget\" data-e-type=\"widget\" data-widget_type=\"tp-heading-title.default\">\n\t\t\t\t\t<div class=\"heading heading_style heading_style69e13d424acd8 style-1\"  data-tp-gsap-heading-text=\"\" data-tp-gsap-sub-heading-text=\"\"><div class=\"sub-style\" ><div class=\"sub-heading\"><h3 class=\"heading-sub-title\"> WORLD4ALL SRL obtuvo la Calificaci\u00f3n de Sostenibilidad \u201cA\u201d, emitida por Ecomate S.r.l. - The Open-ESG Rating Agency, tras un proceso de evaluaci\u00f3n ESG realizado con el apoyo de consultor\u00eda de weprosperitY y el uso de la plataforma digital Ecomate. <\/h3><\/div><\/div><\/div>\t\t\t\t<\/div>\n\t\t\t\t<\/div>\n\t\t\t\t\t<\/div>\n\t\t\t\t<\/div>\n\t\t<div class=\"elementor-element elementor-element-60f9fbf e-con-full e-flex e-con e-child\" data-id=\"60f9fbf\" data-element_type=\"container\" data-e-type=\"container\">\n\t\t<div class=\"elementor-element elementor-element-248151b e-con-full e-flex e-con e-child\" data-id=\"248151b\" data-element_type=\"container\" data-e-type=\"container\">\n\t\t\t\t<div class=\"elementor-element elementor-element-672de5c elementor-widget elementor-widget-image\" data-id=\"672de5c\" data-element_type=\"widget\" data-e-type=\"widget\" data-widget_type=\"image.default\">\n\t\t\t\t\t\t\t\t\t\t\t\t\t\t\t\t<a href=\"https:\/\/world4all.fun\/wp-content\/uploads\/2026\/02\/ATTESTATO-WORLD4ALL.jpg\" data-elementor-open-lightbox=\"yes\" data-elementor-lightbox-title=\"Certificazione ESG \u2013 Rating A\" data-elementor-lightbox-description=\"Certificato ESG rilasciato a World4All S.r.l. con rating A, emesso da Ecomate S.r.l. \u2013 The Open-ESG Rating Agency, con data di emissione gennaio 2026.\" data-e-action-hash=\"#elementor-action%3Aaction%3Dlightbox%26settings%3DeyJpZCI6MTMwMSwidXJsIjoiaHR0cHM6XC9cL3dvcmxkNGFsbC5mdW5cL3dwLWNvbnRlbnRcL3VwbG9hZHNcLzIwMjZcLzAyXC9BVFRFU1RBVE8tV09STEQ0QUxMLmpwZyJ9\">\n\t\t\t\t\t\t\t<img fetchpriority=\"high\" decoding=\"async\" width=\"800\" height=\"565\" src=\"https:\/\/world4all.fun\/wp-content\/uploads\/2026\/02\/ATTESTATO-WORLD4ALL-1024x723.jpg\" class=\"attachment-large size-large wp-image-1301\" alt=\"Certificato ESG ufficiale rilasciato a World4All S.r.l. con rating A, emesso da Ecomate S.r.l. nel gennaio 2026.\" srcset=\"https:\/\/world4all.fun\/wp-content\/uploads\/2026\/02\/ATTESTATO-WORLD4ALL-1024x723.jpg 1024w, https:\/\/world4all.fun\/wp-content\/uploads\/2026\/02\/ATTESTATO-WORLD4ALL-600x424.jpg 600w, https:\/\/world4all.fun\/wp-content\/uploads\/2026\/02\/ATTESTATO-WORLD4ALL-300x212.jpg 300w, https:\/\/world4all.fun\/wp-content\/uploads\/2026\/02\/ATTESTATO-WORLD4ALL-768x543.jpg 768w, https:\/\/world4all.fun\/wp-content\/uploads\/2026\/02\/ATTESTATO-WORLD4ALL-1536x1085.jpg 1536w, https:\/\/world4all.fun\/wp-content\/uploads\/2026\/02\/ATTESTATO-WORLD4ALL.jpg 2000w\" sizes=\"(max-width: 800px) 100vw, 800px\" \/>\t\t\t\t\t\t\t\t<\/a>\n\t\t\t\t\t\t\t\t\t\t\t\t\t\t\t<\/div>\n\t\t\t\t<\/div>\n\t\t\t\t<\/div>\n\t\t\t\t<\/div>\n\t\t\t\t<\/div>\n\t\t<div class=\"elementor-element elementor-element-4d6f029 e-con-full e-flex e-con e-parent\" data-id=\"4d6f029\" data-element_type=\"container\" data-e-type=\"container\" data-settings=\"{&quot;background_background&quot;:&quot;classic&quot;}\">\n\t\t<div class=\"elementor-element elementor-element-0178447 e-con-full e-flex e-con e-child\" data-id=\"0178447\" data-element_type=\"container\" data-e-type=\"container\" data-settings=\"{&quot;background_background&quot;:&quot;classic&quot;}\">\n\t\t<div class=\"elementor-element elementor-element-fa30677 e-flex e-con-boxed e-con e-child\" data-id=\"fa30677\" data-element_type=\"container\" data-e-type=\"container\">\n\t\t\t\t\t<div class=\"e-con-inner\">\n\t\t<div class=\"elementor-element elementor-element-04ee7c0 e-con-full e-flex e-con e-child\" data-id=\"04ee7c0\" data-element_type=\"container\" data-e-type=\"container\">\n\t\t\t\t<div class=\"elementor-element elementor-element-70a6312 text--tabletcenter text--mobilecenter text-left elementor-widget elementor-widget-tp-heading-title\" data-id=\"70a6312\" data-element_type=\"widget\" data-e-type=\"widget\" data-widget_type=\"tp-heading-title.default\">\n\t\t\t\t\t<div class=\"heading heading_style heading_style69e13d424b9a5 style-1\"  data-tp-gsap-heading-text=\"\" data-tp-gsap-sub-heading-text=\"\"><div class=\"sub-style\" ><div class=\"sub-heading\"><h3 class=\"heading-sub-title\"> Este importante logro da fe de la integraci\u00f3n concreta de las pr\u00e1cticas medioambientales, sociales y de gobernanza en nuestra estrategia empresarial, en consonancia con las normas europeas e internacionales. Un paso que refuerza la solidez de nuestro modelo de negocio y la transparencia hacia todas las partes interesadas. En el informe anual de 2025, WORLD4ALL SRL informar\u00e1 de su modelo de sostenibilidad de acuerdo con los criterios VSME, garantizando la continuidad y la claridad en su comunicaci\u00f3n al sistema bancario, socios comerciales, clientes, proveedores y la comunidad.  <\/h3><\/div><\/div><\/div>\t\t\t\t<\/div>\n\t\t\t\t<\/div>\n\t\t\t\t\t<\/div>\n\t\t\t\t<\/div>\n\t\t<div class=\"elementor-element elementor-element-6b37080 e-con-full e-flex e-con e-child\" data-id=\"6b37080\" data-element_type=\"container\" data-e-type=\"container\">\n\t\t<div class=\"elementor-element elementor-element-8e37da9 e-con-full e-flex e-con e-child\" data-id=\"8e37da9\" data-element_type=\"container\" data-e-type=\"container\">\n\t\t\t\t<div class=\"elementor-element elementor-element-a3c320f elementor-widget elementor-widget-image\" data-id=\"a3c320f\" data-element_type=\"widget\" data-e-type=\"widget\" data-widget_type=\"image.default\">\n\t\t\t\t\t\t\t\t\t\t\t\t\t\t\t\t<a href=\"https:\/\/world4all.fun\/wp-content\/uploads\/2026\/03\/esg-marco-marvin-nico.jpg\" data-elementor-open-lightbox=\"yes\" data-elementor-lightbox-title=\"Verifica World4All spazi accessibili\" data-elementor-lightbox-description=\"Persona in carrozzina che percorre un corridoio accessibile insieme ad amici felici\" data-e-action-hash=\"#elementor-action%3Aaction%3Dlightbox%26settings%3DeyJpZCI6MjU2NywidXJsIjoiaHR0cHM6XC9cL3dvcmxkNGFsbC5mdW5cL3dwLWNvbnRlbnRcL3VwbG9hZHNcLzIwMjZcLzAzXC9lc2ctbWFyY28tbWFydmluLW5pY28uanBnIn0%3D\">\n\t\t\t\t\t\t\t<img decoding=\"async\" width=\"492\" height=\"576\" src=\"https:\/\/world4all.fun\/wp-content\/uploads\/2026\/03\/esg-marco-marvin-nico.jpg\" class=\"attachment-large size-large wp-image-2567\" alt=\"Persone che passano in un corridoio accessibile\" srcset=\"https:\/\/world4all.fun\/wp-content\/uploads\/2026\/03\/esg-marco-marvin-nico.jpg 492w, https:\/\/world4all.fun\/wp-content\/uploads\/2026\/03\/esg-marco-marvin-nico-256x300.jpg 256w\" sizes=\"(max-width: 492px) 100vw, 492px\" \/>\t\t\t\t\t\t\t\t<\/a>\n\t\t\t\t\t\t\t\t\t\t\t\t\t\t\t<\/div>\n\t\t\t\t<\/div>\n\t\t\t\t<\/div>\n\t\t\t\t<\/div>\n\t\t\t\t<\/div>\n\t\t<div class=\"elementor-element elementor-element-6a5f2df5 e-flex e-con-boxed e-con e-parent\" data-id=\"6a5f2df5\" data-element_type=\"container\" data-e-type=\"container\" data-settings=\"{&quot;background_background&quot;:&quot;classic&quot;}\">\n\t\t\t\t\t<div class=\"e-con-inner\">\n\t\t<div class=\"elementor-element elementor-element-5dd5f79b e-con-full e-flex e-con e-child\" data-id=\"5dd5f79b\" data-element_type=\"container\" data-e-type=\"container\">\n\t\t\t\t<div class=\"elementor-element elementor-element-692d8880 elementor-widget__width-inherit elementor-widget elementor-widget-image\" data-id=\"692d8880\" data-element_type=\"widget\" data-e-type=\"widget\" data-widget_type=\"image.default\">\n\t\t\t\t\t\t\t\t\t\t\t\t\t\t\t<img decoding=\"async\" width=\"492\" height=\"576\" src=\"https:\/\/world4all.fun\/wp-content\/uploads\/2026\/03\/mappatura-app2-1.jpg\" class=\"attachment-large size-large wp-image-2571\" alt=\"Compilazione delle schede di mappatura per creare audit tecnico da validare in fase ESG\" srcset=\"https:\/\/world4all.fun\/wp-content\/uploads\/2026\/03\/mappatura-app2-1.jpg 492w, https:\/\/world4all.fun\/wp-content\/uploads\/2026\/03\/mappatura-app2-1-256x300.jpg 256w\" sizes=\"(max-width: 492px) 100vw, 492px\" \/>\t\t\t\t\t\t\t\t\t\t\t\t\t\t\t<\/div>\n\t\t\t\t<\/div>\n\t\t<div class=\"elementor-element elementor-element-61991b4 e-con-full e-flex e-con e-child\" data-id=\"61991b4\" data-element_type=\"container\" data-e-type=\"container\">\n\t\t\t\t<div class=\"elementor-element elementor-element-cae037b text--tabletcenter text--mobilecenter text-left elementor-widget elementor-widget-tp-heading-title\" data-id=\"cae037b\" data-element_type=\"widget\" data-e-type=\"widget\" data-widget_type=\"tp-heading-title.default\">\n\t\t\t\t\t<div class=\"heading heading_style heading_style69e13d424c64f style-1\"  data-tp-gsap-heading-text=\"\" data-tp-gsap-sub-heading-text=\"\"><div class=\"sub-style\" ><div class=\"sub-heading\"><h3 class=\"heading-sub-title\"> Creemos que la sostenibilidad no es s\u00f3lo un objetivo, sino una palanca estrat\u00e9gica para generar valor a largo plazo, construir relaciones de confianza y contribuir activamente a la transici\u00f3n hacia una econom\u00eda m\u00e1s equitativa y resistente. Si desea m\u00e1s informaci\u00f3n o recibir la documentaci\u00f3n completa del proceso de evaluaci\u00f3n, p\u00f3ngase en contacto con nosotros. Estamos dispuestos a compartir nuestro viaje y crear nuevas sinergias. <\/h3><\/div><\/div><\/div>\t\t\t\t<\/div>\n\t\t\t\t<\/div>\n\t\t\t\t\t<\/div>\n\t\t\t\t<\/div>\n\t\t\t\t<\/div>","protected":false},"excerpt":{"rendered":"<p>WORLD4ALL SRL ottiene il Rating di Sostenibilit\u00e0 \u201cA\u201d Un riconoscimento che rafforza il nostro impegno verso una gestione responsabile e trasparente WORLD4ALL SRL ha ottenuto il Rating di Sostenibilit\u00e0 \u201cA\u201d, rilasciato da Ecomate S.r.l. \u2013 The Open-ESG Rating Agency, a seguito di un processo di valutazione ESG condotto con il supporto consulenziale di weprosperitY e [&hellip;]<\/p>\n","protected":false},"author":1,"featured_media":0,"parent":0,"menu_order":0,"comment_status":"closed","ping_status":"closed","template":"","meta":{"footnotes":""},"class_list":["post-1298","page","type-page","status-publish","hentry"],"aioseo_notices":[],"_links":{"self":[{"href":"https:\/\/world4all.fun\/es\/wp-json\/wp\/v2\/pages\/1298","targetHints":{"allow":["GET"]}}],"collection":[{"href":"https:\/\/world4all.fun\/es\/wp-json\/wp\/v2\/pages"}],"about":[{"href":"https:\/\/world4all.fun\/es\/wp-json\/wp\/v2\/types\/page"}],"author":[{"embeddable":true,"href":"https:\/\/world4all.fun\/es\/wp-json\/wp\/v2\/users\/1"}],"replies":[{"embeddable":true,"href":"https:\/\/world4all.fun\/es\/wp-json\/wp\/v2\/comments?post=1298"}],"version-history":[{"count":0,"href":"https:\/\/world4all.fun\/es\/wp-json\/wp\/v2\/pages\/1298\/revisions"}],"wp:attachment":[{"href":"https:\/\/world4all.fun\/es\/wp-json\/wp\/v2\/media?parent=1298"}],"curies":[{"name":"wp","href":"https:\/\/api.w.org\/{rel}","templated":true}]}}