{"id":1952,"date":"2026-02-27T13:53:15","date_gmt":"2026-02-27T13:53:15","guid":{"rendered":"https:\/\/world4all.fun\/?page_id=1952"},"modified":"2026-02-27T13:53:51","modified_gmt":"2026-02-27T13:53:51","slug":"termini-e-condizioni","status":"publish","type":"page","link":"https:\/\/world4all.fun\/es\/termini-e-condizioni\/","title":{"rendered":"Condiciones de compra"},"content":{"rendered":"<div data-elementor-type=\"wp-page\" data-elementor-id=\"1952\" class=\"elementor elementor-1952\" data-elementor-post-type=\"page\">\n\t\t\t\t<div class=\"elementor-element elementor-element-b69347e e-flex e-con-boxed e-con e-parent\" data-id=\"b69347e\" data-element_type=\"container\" data-e-type=\"container\" data-settings=\"{&quot;background_background&quot;:&quot;classic&quot;}\">\n\t\t\t\t\t<div class=\"e-con-inner\">\n\t\t\t\t<div class=\"elementor-element elementor-element-68318d0 elementor-widget elementor-widget-text-editor\" data-id=\"68318d0\" data-element_type=\"widget\" data-e-type=\"widget\" data-widget_type=\"text-editor.default\">\n\t\t\t\t\t\t\t\t\tCondiciones de compra\t\t\t\t\t\t\t\t<\/div>\n\t\t\t\t<div class=\"elementor-element elementor-element-10b72fc elementor-widget elementor-widget-text-editor\" data-id=\"10b72fc\" data-element_type=\"widget\" data-e-type=\"widget\" data-widget_type=\"text-editor.default\">\n\t\t\t\t\t\t\t\t\t<h2 class=\"wp-block-heading\">1. 1. Informaci\u00f3n general<\/h2><p>El sitio web de la Academia World4All es operado por World4All S.r.l. (en adelante tambi\u00e9n \u201cWorld4All\u201d o \u201cla Academia\u201d). Al comprar cursos en l\u00ednea o en persona a trav\u00e9s del sitio, el usuario declara la plena aceptaci\u00f3n de los siguientes t\u00e9rminos y condiciones.<\/p><h2 class=\"wp-block-heading\">2. Objeto del servicio<\/h2><p>La Academia World4All ofrece cursos de formaci\u00f3n sobre accesibilidad y alojamiento para personas con movilidad reducida, impartidos en l\u00ednea (seminarios web, videoconferencias, e-learning) y\/o en persona en los lugares que se indiquen cada cierto tiempo.<\/p><h2 class=\"wp-block-heading\">3. Procedimiento de compra<\/h2><p>Para comprar cursos, el usuario debe seleccionar el curso deseado, colocarlo en la cesta de la compra y proceder al pago siguiendo las instrucciones del sitio. La compra se da por concluida al recibir la confirmaci\u00f3n del pago.<\/p><h2 class=\"wp-block-heading\">4. 4. Modalidades de pago<\/h2><p>Los pagos pueden efectuarse por:<\/p><ul class=\"wp-block-list\"><li>Tarjeta de cr\u00e9dito\/d\u00e9bito<\/li><li>PayPal<\/li><\/ul><p>Las transacciones se gestionan a trav\u00e9s de plataformas seguras y encriptadas.<\/p><h2 class=\"wp-block-heading\">5. 5. Confirmaci\u00f3n del pedido<\/h2><p>Tras efectuar el pago, el usuario recibir\u00e1 un correo electr\u00f3nico de confirmaci\u00f3n con los detalles de la compra y, en el caso de los cursos en l\u00ednea, la forma de acceder al contenido digital.<\/p><h2 class=\"wp-block-heading\">6. Acceso a los cursos<\/h2><p>Los cursos en l\u00ednea estar\u00e1n disponibles a trav\u00e9s de una plataforma digital reservada. Las credenciales de acceso son personales e intransferibles a terceros. Los usuarios son responsables de la custodia de sus credenciales.<\/p><h2 class=\"wp-block-heading\">7. Anulaci\u00f3n y derecho de desistimiento<\/h2><p>En el caso de los cursos en l\u00ednea, el derecho de desistimiento s\u00f3lo podr\u00e1 ejercerse en un plazo de 14 d\u00edas a partir de la fecha de compra si el usuario a\u00fan no ha utilizado el contenido de la formaci\u00f3n.<\/p><p>Para los cursos presenciales, puede cancelar su inscripci\u00f3n hasta 7 d\u00edas antes de la fecha programada para el curso y recibir un reembolso completo. Transcurrido este plazo, no se efectuar\u00e1n reembolsos.<\/p><h2 class=\"wp-block-heading\">8. Cambios en el programa<\/h2><p>World4All se reserva el derecho de modificar las fechas, los horarios y los contenidos de los cursos, y se compromete a notificarlo r\u00e1pidamente a los participantes por correo electr\u00f3nico o por tel\u00e9fono.<\/p><p>En caso de cancelaci\u00f3n de un curso por parte de la Academia, el usuario tendr\u00e1 derecho a la devoluci\u00f3n \u00edntegra del importe abonado o, alternativamente, a la posibilidad de matricularse en otro curso equivalente.<\/p><h2 class=\"wp-block-heading\">9. Responsabilidad del usuario<\/h2><p>El usuario se compromete a utilizar los contenidos del curso exclusivamente para fines personales o profesionales, respetando los derechos de propiedad intelectual de World4All, quedando prohibida cualquier difusi\u00f3n, reproducci\u00f3n o distribuci\u00f3n de los materiales formativos sin autorizaci\u00f3n expresa y por escrito.<\/p><h2 class=\"wp-block-heading\">10. Privacidad y tratamiento de datos<\/h2><p>Los datos personales que nos facilite se tratar\u00e1n de conformidad con el Reglamento 2016\/679 de la UE (RGPD). Para m\u00e1s informaci\u00f3n, consulte nuestra Pol\u00edtica de privacidad disponible en el sitio web.<\/p><h2 class=\"wp-block-heading\">11. Jurisdicci\u00f3n<\/h2><p>Cualquier disputa que surja de estos t\u00e9rminos y condiciones ser\u00e1 resuelta por el Tribunal del domicilio social de World4All.<\/p><h2 class=\"wp-block-heading\">12. Modificaci\u00f3n de las condiciones<\/h2><p>World4All se reserva el derecho de modificar estos t\u00e9rminos y condiciones en cualquier momento notific\u00e1ndolo a trav\u00e9s de la p\u00e1gina web. Las modificaciones entrar\u00e1n en vigor a partir de la fecha de publicaci\u00f3n.<\/p>\t\t\t\t\t\t\t\t<\/div>\n\t\t\t\t\t<\/div>\n\t\t\t\t<\/div>\n\t\t\t\t<\/div>","protected":false},"excerpt":{"rendered":"<p>1. Informazioni generali Il sito Academy World4All \u00e8 gestito da World4All S.r.l. (di seguito anche \u201cWorld4All\u201d o \u201cl\u2019Academy\u201d). Acquistando corsi online o in presenza tramite il sito, l\u2019utente dichiara di accettare integralmente i seguenti termini e condizioni. 2. Oggetto del servizio L\u2019Academy World4All offre corsi di formazione sull\u2019accessibilit\u00e0 e l\u2019accoglienza per persone a ridotta mobilit\u00e0, [&hellip;]<\/p>\n","protected":false},"author":1,"featured_media":0,"parent":0,"menu_order":0,"comment_status":"closed","ping_status":"closed","template":"","meta":{"footnotes":""},"class_list":["post-1952","page","type-page","status-publish","hentry"],"aioseo_notices":[],"_links":{"self":[{"href":"https:\/\/world4all.fun\/es\/wp-json\/wp\/v2\/pages\/1952","targetHints":{"allow":["GET"]}}],"collection":[{"href":"https:\/\/world4all.fun\/es\/wp-json\/wp\/v2\/pages"}],"about":[{"href":"https:\/\/world4all.fun\/es\/wp-json\/wp\/v2\/types\/page"}],"author":[{"embeddable":true,"href":"https:\/\/world4all.fun\/es\/wp-json\/wp\/v2\/users\/1"}],"replies":[{"embeddable":true,"href":"https:\/\/world4all.fun\/es\/wp-json\/wp\/v2\/comments?post=1952"}],"version-history":[{"count":0,"href":"https:\/\/world4all.fun\/es\/wp-json\/wp\/v2\/pages\/1952\/revisions"}],"wp:attachment":[{"href":"https:\/\/world4all.fun\/es\/wp-json\/wp\/v2\/media?parent=1952"}],"curies":[{"name":"wp","href":"https:\/\/api.w.org\/{rel}","templated":true}]}}