{"id":2655,"date":"2026-03-01T20:29:30","date_gmt":"2026-03-01T20:29:30","guid":{"rendered":"https:\/\/world4all.fun\/?page_id=2655"},"modified":"2026-03-01T20:32:13","modified_gmt":"2026-03-01T20:32:13","slug":"rimborso_reso","status":"publish","type":"page","link":"https:\/\/world4all.fun\/es\/rimborso_reso\/","title":{"rendered":"Pol\u00edtica de devoluciones y reembolsos"},"content":{"rendered":"<div data-elementor-type=\"wp-page\" data-elementor-id=\"2655\" class=\"elementor elementor-2655\" data-elementor-post-type=\"page\">\n\t\t\t\t<div class=\"elementor-element elementor-element-b4a6a35 e-con-full e-flex e-con e-parent\" data-id=\"b4a6a35\" data-element_type=\"container\" data-e-type=\"container\" data-settings=\"{&quot;background_background&quot;:&quot;classic&quot;}\">\n\t\t<div class=\"elementor-element elementor-element-7fbc357 e-con-full e-flex e-con e-child\" data-id=\"7fbc357\" data-element_type=\"container\" data-e-type=\"container\" data-settings=\"{&quot;background_background&quot;:&quot;classic&quot;}\">\n\t\t<div class=\"elementor-element elementor-element-c96aa00 e-con-full e-flex e-con e-child\" data-id=\"c96aa00\" data-element_type=\"container\" data-e-type=\"container\">\n\t\t\t\t<div class=\"elementor-element elementor-element-ea1762b elementor-widget elementor-widget-hfe-breadcrumbs-widget\" data-id=\"ea1762b\" data-element_type=\"widget\" data-e-type=\"widget\" data-widget_type=\"hfe-breadcrumbs-widget.default\">\n\t\t\t\t<div class=\"elementor-widget-container\">\n\t\t\t\t\t<nav aria-label=\"Migas de pan\"><ul class=\"hfe-breadcrumbs hfe-breadcrumbs-show-home\"><li class=\"hfe-breadcrumbs-item hfe-breadcrumbs-first\"><span class=\"hfe-breadcrumbs-home-icon\"><\/span><a href=\"https:\/\/world4all.fun\/es\"><span class=\"hfe-breadcrumbs-text\">Inicio<\/span><\/a><\/li><\/ul><\/nav>\t\t\t\t<\/div>\n\t\t\t\t<\/div>\n\t\t\t\t<div class=\"elementor-element elementor-element-ccceed5 elementor-widget__width-initial elementor-widget-mobile__width-inherit text-center elementor-widget elementor-widget-tp-heading-title\" data-id=\"ccceed5\" data-element_type=\"widget\" data-e-type=\"widget\" data-widget_type=\"tp-heading-title.default\">\n\t\t\t\t\t<div class=\"heading heading_style heading_style6a0914f049597 style-1\"  data-tp-gsap-heading-text=\"{&quot;tp_enable_ani&quot;:&quot;yes&quot;,&quot;tp_effect&quot;:&quot;normal&quot;,&quot;tp_split_type&quot;:&quot;chars&quot;,&quot;tp_trigger&quot;:&quot;onload&quot;,&quot;tp_duration&quot;:1.2,&quot;tp_delay&quot;:0.3,&quot;tp_stagger&quot;:0.04,&quot;tp_ease&quot;:&quot;power1.out&quot;,&quot;tp_repeat&quot;:&quot;no&quot;,&quot;tp_scrub&quot;:&quot;&quot;,&quot;transform_toggle&quot;:&quot;no&quot;,&quot;transform_x&quot;:0,&quot;transform_x_unit&quot;:&quot;px&quot;,&quot;transform_y&quot;:0,&quot;transform_y_unit&quot;:&quot;px&quot;,&quot;transform_skewx&quot;:0,&quot;transform_skewy&quot;:0,&quot;transform_scale&quot;:1,&quot;transform_rotation&quot;:0,&quot;transform_origin&quot;:&quot;50% 50%&quot;}\" data-tp-gsap-sub-heading-text=\"\"><div class=\"sub-style\" ><div class=\"head-title\" > <h2  class=\"heading-title\"  data-hover=\"Rimborso e reso\">Reembolso y devoluci\u00f3n<span class=\"title-s\">  <\/span><\/h2><\/div><\/div><\/div>\t\t\t\t<\/div>\n\t\t\t\t<\/div>\n\t\t\t\t<\/div>\n\t\t\t\t<\/div>\n\t\t<div class=\"elementor-element elementor-element-b2f957b e-con-full e-flex e-con e-parent\" data-id=\"b2f957b\" data-element_type=\"container\" data-e-type=\"container\" data-settings=\"{&quot;background_background&quot;:&quot;classic&quot;}\">\n\t\t<div class=\"elementor-element elementor-element-693cb53 e-con-full e-flex e-con e-child\" data-id=\"693cb53\" data-element_type=\"container\" data-e-type=\"container\" data-settings=\"{&quot;background_background&quot;:&quot;classic&quot;}\">\n\t\t<div class=\"elementor-element elementor-element-7d7342a9 e-con-full e-flex e-con e-child\" data-id=\"7d7342a9\" data-element_type=\"container\" data-e-type=\"container\">\n\t\t\t\t<div class=\"elementor-element elementor-element-674862a text-left text--mobilecenter elementor-widget elementor-widget-tp-heading-title\" data-id=\"674862a\" data-element_type=\"widget\" data-e-type=\"widget\" data-widget_type=\"tp-heading-title.default\">\n\t\t\t\t\t<div class=\"heading heading_style heading_style6a0914f04c447 style-1\"  data-tp-gsap-heading-text=\"\" data-tp-gsap-sub-heading-text=\"\"><div class=\"sub-style\" ><div class=\"head-title\" > <h2  class=\"heading-title\"  data-hover=\"\u00a0Oggetto\">\u00a0Objeto<span class=\"title-s\">  <\/span><\/h2><\/div><\/div><\/div>\t\t\t\t<\/div>\n\t\t\t\t<div class=\"elementor-element elementor-element-47324bfa elementor-widget elementor-widget-tp-adv-text-block\" data-id=\"47324bfa\" data-element_type=\"widget\" data-e-type=\"widget\" data-widget_type=\"tp-adv-text-block.default\">\n\t\t\t\t\t<div class=\"pt-plus-text-block-wrapper\" data-tp-gsap-textblock=\"\" ><div class=\"text_block_parallax\"><div class=\"pt_plus_adv_text_block\" ><div class=\"text-content-block\"><p data-start=\"456\" data-end=\"650\">Esta Pol\u00edtica regula las condiciones de reembolso relativas a la compra de cursos de formaci\u00f3n impartidos a trav\u00e9s de la p\u00e1gina web de World4All (en adelante, \u201cCursos\u201d), ya sean online o presenciales.<\/p><p data-start=\"652\" data-end=\"732\">La compra de un Curso implica la plena aceptaci\u00f3n de esta Pol\u00edtica.<\/p><\/div><\/div><\/div><\/div>\t\t\t\t<\/div>\n\t\t<div class=\"elementor-element elementor-element-cae7150 e-con-full e-flex e-con e-child\" data-id=\"cae7150\" data-element_type=\"container\" data-e-type=\"container\">\n\t\t\t\t<div class=\"elementor-element elementor-element-1159a3a text-left text--mobilecenter elementor-widget elementor-widget-tp-heading-title\" data-id=\"1159a3a\" data-element_type=\"widget\" data-e-type=\"widget\" data-widget_type=\"tp-heading-title.default\">\n\t\t\t\t\t<div class=\"heading heading_style heading_style6a0914f04d88d style-1\"  data-tp-gsap-heading-text=\"\" data-tp-gsap-sub-heading-text=\"\"><div class=\"sub-style\" ><div class=\"head-title\" > <h2  class=\"heading-title\"  data-hover=\"2. Diritto di recesso (Consumatori)\">2. Derecho de desistimiento (consumidores)<span class=\"title-s\">  <\/span><\/h2><\/div><\/div><\/div>\t\t\t\t<\/div>\n\t\t\t\t<div class=\"elementor-element elementor-element-ec0f61e elementor-widget elementor-widget-tp-adv-text-block\" data-id=\"ec0f61e\" data-element_type=\"widget\" data-e-type=\"widget\" data-widget_type=\"tp-adv-text-block.default\">\n\t\t\t\t\t<div class=\"pt-plus-text-block-wrapper\" data-tp-gsap-textblock=\"\" ><div class=\"text_block_parallax\"><div class=\"pt_plus_adv_text_block\" ><div class=\"text-content-block\"><p data-start=\"779\" data-end=\"1010\">De conformidad con el Decreto Legislativo 206\/2005 (C\u00f3digo de Consumo), el Cliente calificado como \u201cConsumidor\u201d tiene derecho a desistir de la compra dentro de los 14 d\u00edas siguientes a la celebraci\u00f3n del contrato, salvo lo especificado en los p\u00e1rrafos siguientes.<\/p><p data-start=\"1012\" data-end=\"1123\">Sin embargo, para los Cursos con fecha de inicio programada, se aplican las siguientes condiciones horarias.<\/p><\/div><\/div><\/div><\/div>\t\t\t\t<\/div>\n\t\t<div class=\"elementor-element elementor-element-dc0b6ea e-con-full e-flex e-con e-child\" data-id=\"dc0b6ea\" data-element_type=\"container\" data-e-type=\"container\">\n\t\t\t\t<div class=\"elementor-element elementor-element-2baf4a5 text-left text--mobilecenter elementor-widget elementor-widget-tp-heading-title\" data-id=\"2baf4a5\" data-element_type=\"widget\" data-e-type=\"widget\" data-widget_type=\"tp-heading-title.default\">\n\t\t\t\t\t<div class=\"heading heading_style heading_style6a0914f04eb5c style-1\"  data-tp-gsap-heading-text=\"\" data-tp-gsap-sub-heading-text=\"\"><div class=\"sub-style\" ><div class=\"head-title\" > <h2  class=\"heading-title\"  data-hover=\"3. Rimborso per corsi con data programmata\">3. Reembolso para cursos con fecha programada<span class=\"title-s\">  <\/span><\/h2><\/div><\/div><\/div>\t\t\t\t<\/div>\n\t\t\t\t<div class=\"elementor-element elementor-element-757f0c0 elementor-widget elementor-widget-tp-adv-text-block\" data-id=\"757f0c0\" data-element_type=\"widget\" data-e-type=\"widget\" data-widget_type=\"tp-adv-text-block.default\">\n\t\t\t\t\t<div class=\"pt-plus-text-block-wrapper\" data-tp-gsap-textblock=\"\" ><div class=\"text_block_parallax\"><div class=\"pt_plus_adv_text_block\" ><div class=\"text-content-block\"><p data-start=\"1177\" data-end=\"1298\">El cliente tiene derecho a la devoluci\u00f3n \u00edntegra del importe abonado si env\u00eda una solicitud de cancelaci\u00f3n por escrito:<\/p><p data-start=\"1300\" data-end=\"1383\"><strong data-start=\"1300\" data-end=\"1383\">a m\u00e1s tardar 14 (catorce) d\u00edas antes de la fecha de inicio del Curso.<\/strong><\/p><p data-start=\"1385\" data-end=\"1471\">La solicitud debe enviarse por correo electr\u00f3nico a la direcci\u00f3n oficial indicada en el sitio web.<\/p><p data-start=\"1473\" data-end=\"1485\">En ese caso:<\/p><ul data-start=\"1486\" data-end=\"1617\"><li data-start=\"1486\" data-end=\"1532\"><p data-start=\"1488\" data-end=\"1532\">100% se le devolver\u00e1 el importe pagado<\/p><\/li><li data-start=\"1533\" data-end=\"1617\"><p data-start=\"1535\" data-end=\"1617\">el reembolso se efectuar\u00e1 en un plazo de 14 d\u00edas a partir de la confirmaci\u00f3n de la aceptaci\u00f3n de la solicitud<\/p><\/li><\/ul><section class=\"elementor-section elementor-top-section elementor-element elementor-element-f678a70 elementor-section-boxed elementor-section-height-default elementor-section-height-default\" data-id=\"f678a70\" data-element_type=\"section\" data-e-type=\"section\" data-settings=\"{&quot;background_background&quot;:&quot;classic&quot;}\"><div class=\"elementor-container elementor-column-gap-default\">\u00a0<\/div><\/section><\/div><\/div><\/div><\/div>\t\t\t\t<\/div>\n\t\t<div class=\"elementor-element elementor-element-e6f7809 e-con-full e-flex e-con e-child\" data-id=\"e6f7809\" data-element_type=\"container\" data-e-type=\"container\">\n\t\t\t\t<div class=\"elementor-element elementor-element-cbb0d16 text-left text--mobilecenter elementor-widget elementor-widget-tp-heading-title\" data-id=\"cbb0d16\" data-element_type=\"widget\" data-e-type=\"widget\" data-widget_type=\"tp-heading-title.default\">\n\t\t\t\t\t<div class=\"heading heading_style heading_style6a0914f0504ed style-1\"  data-tp-gsap-heading-text=\"\" data-tp-gsap-sub-heading-text=\"\"><div class=\"sub-style\" ><div class=\"head-title\" > <h2  class=\"heading-title\"  data-hover=\"4. Annullamenti oltre i 14 giorni\">4. Cancelaciones de m\u00e1s de 14 d\u00edas<span class=\"title-s\">  <\/span><\/h2><\/div><\/div><\/div>\t\t\t\t<\/div>\n\t\t\t\t<div class=\"elementor-element elementor-element-3303c89 elementor-widget elementor-widget-tp-adv-text-block\" data-id=\"3303c89\" data-element_type=\"widget\" data-e-type=\"widget\" data-widget_type=\"tp-adv-text-block.default\">\n\t\t\t\t\t<div class=\"pt-plus-text-block-wrapper\" data-tp-gsap-textblock=\"\" ><div class=\"text_block_parallax\"><div class=\"pt_plus_adv_text_block\" ><div class=\"text-content-block\"><p data-start=\"1662\" data-end=\"1701\">Para las solicitudes de anulaci\u00f3n recibidas:<\/p><ul data-start=\"1703\" data-end=\"1776\"><li data-start=\"1703\" data-end=\"1748\"><p data-start=\"1705\" data-end=\"1748\">en los 14 d\u00edas anteriores al inicio del curso<\/p><\/li><li data-start=\"1749\" data-end=\"1776\"><p data-start=\"1751\" data-end=\"1776\">o despu\u00e9s del inicio del Curso<\/p><\/li><\/ul><p data-start=\"1778\" data-end=\"1812\"><strong data-start=\"1778\" data-end=\"1812\">no hay reembolso.<\/strong><\/p><p data-start=\"1814\" data-end=\"1972\">El Cliente podr\u00e1, a discreci\u00f3n del organizador, solicitar el traslado a una edici\u00f3n posterior del mismo Curso, si est\u00e1 disponible.<\/p><\/div><\/div><\/div><\/div>\t\t\t\t<\/div>\n\t\t<div class=\"elementor-element elementor-element-c49e50d e-con-full e-flex e-con e-child\" data-id=\"c49e50d\" data-element_type=\"container\" data-e-type=\"container\">\n\t\t\t\t<div class=\"elementor-element elementor-element-7e9559f text-left text--mobilecenter elementor-widget elementor-widget-tp-heading-title\" data-id=\"7e9559f\" data-element_type=\"widget\" data-e-type=\"widget\" data-widget_type=\"tp-heading-title.default\">\n\t\t\t\t\t<div class=\"heading heading_style heading_style6a0914f051836 style-1\"  data-tp-gsap-heading-text=\"\" data-tp-gsap-sub-heading-text=\"\"><div class=\"sub-style\" ><div class=\"head-title\" > <h2  class=\"heading-title\"  data-hover=\"5. Corsi online on-demand\">5. Cursos en l\u00ednea a la carta<span class=\"title-s\">  <\/span><\/h2><\/div><\/div><\/div>\t\t\t\t<\/div>\n\t\t\t\t<div class=\"elementor-element elementor-element-36961d0 elementor-widget elementor-widget-tp-adv-text-block\" data-id=\"36961d0\" data-element_type=\"widget\" data-e-type=\"widget\" data-widget_type=\"tp-adv-text-block.default\">\n\t\t\t\t\t<div class=\"pt-plus-text-block-wrapper\" data-tp-gsap-textblock=\"\" ><div class=\"text_block_parallax\"><div class=\"pt_plus_adv_text_block\" ><div class=\"text-content-block\"><p data-start=\"2009\" data-end=\"2085\">Para cursos impartidos digitalmente con acceso inmediato a los contenidos:<\/p><ul data-start=\"2087\" data-end=\"2333\"><li data-start=\"2087\" data-end=\"2187\"><p data-start=\"2089\" data-end=\"2187\">El cliente acepta expresamente el inicio del servicio en el momento de la compra.<\/p><\/li><li data-start=\"2188\" data-end=\"2333\"><p data-start=\"2190\" data-end=\"2333\">De conformidad con el art\u00edculo 59 del C\u00f3digo de Consumo, el derecho de desistimiento caduca en el momento en que se pone a disposici\u00f3n el contenido digital.<\/p><\/li><\/ul><p data-start=\"2335\" data-end=\"2413\">Por lo tanto, no se reembolsar\u00e1n los cursos digitales ya realizados o activados.<\/p><\/div><\/div><\/div><\/div>\t\t\t\t<\/div>\n\t\t<div class=\"elementor-element elementor-element-87f0619 e-con-full e-flex e-con e-child\" data-id=\"87f0619\" data-element_type=\"container\" data-e-type=\"container\">\n\t\t\t\t<div class=\"elementor-element elementor-element-e7bb97f text-left text--mobilecenter elementor-widget elementor-widget-tp-heading-title\" data-id=\"e7bb97f\" data-element_type=\"widget\" data-e-type=\"widget\" data-widget_type=\"tp-heading-title.default\">\n\t\t\t\t\t<div class=\"heading heading_style heading_style6a0914f052ad4 style-1\"  data-tp-gsap-heading-text=\"\" data-tp-gsap-sub-heading-text=\"\"><div class=\"sub-style\" ><div class=\"head-title\" > <h2  class=\"heading-title\"  data-hover=\"6. Annullamento o modifica da parte dell\u2019organizzatore\">6. Cancelaci\u00f3n o modificaci\u00f3n por parte del organizador<span class=\"title-s\">  <\/span><\/h2><\/div><\/div><\/div>\t\t\t\t<\/div>\n\t\t\t\t<div class=\"elementor-element elementor-element-3b70d76 elementor-widget elementor-widget-tp-adv-text-block\" data-id=\"3b70d76\" data-element_type=\"widget\" data-e-type=\"widget\" data-widget_type=\"tp-adv-text-block.default\">\n\t\t\t\t\t<div class=\"pt-plus-text-block-wrapper\" data-tp-gsap-textblock=\"\" ><div class=\"text_block_parallax\"><div class=\"pt_plus_adv_text_block\" ><div class=\"text-content-block\"><p data-start=\"2479\" data-end=\"2490\">En caso de:<\/p><ul data-start=\"2491\" data-end=\"2598\"><li data-start=\"2491\" data-end=\"2539\"><p data-start=\"2493\" data-end=\"2539\">cancelaci\u00f3n del curso por motivos de organizaci\u00f3n<\/p><\/li><li data-start=\"2540\" data-end=\"2598\"><p data-start=\"2542\" data-end=\"2598\">no alcanzar el n\u00famero m\u00ednimo de participantes<\/p><\/li><\/ul><p data-start=\"2600\" data-end=\"2631\">el Cliente podr\u00e1 elegir entre:<\/p><ul data-start=\"2632\" data-end=\"2690\"><li data-start=\"2632\" data-end=\"2652\"><p data-start=\"2634\" data-end=\"2652\">reembolso completo<\/p><\/li><li data-start=\"2653\" data-end=\"2690\"><p data-start=\"2655\" data-end=\"2690\">inscripci\u00f3n en la nueva fecha disponible<\/p><\/li><\/ul><\/div><\/div><\/div><\/div>\t\t\t\t<\/div>\n\t\t<div class=\"elementor-element elementor-element-52b484a e-con-full e-flex e-con e-child\" data-id=\"52b484a\" data-element_type=\"container\" data-e-type=\"container\">\n\t\t\t\t<div class=\"elementor-element elementor-element-dab185d text-left text--mobilecenter elementor-widget elementor-widget-tp-heading-title\" data-id=\"dab185d\" data-element_type=\"widget\" data-e-type=\"widget\" data-widget_type=\"tp-heading-title.default\">\n\t\t\t\t\t<div class=\"heading heading_style heading_style6a0914f053e90 style-1\"  data-tp-gsap-heading-text=\"\" data-tp-gsap-sub-heading-text=\"\"><div class=\"sub-style\" ><div class=\"head-title\" > <h2  class=\"heading-title\"  data-hover=\"7. Modalit\u00e0 di richiesta\">7. 7. Procedimiento de solicitud<span class=\"title-s\">  <\/span><\/h2><\/div><\/div><\/div>\t\t\t\t<\/div>\n\t\t\t\t<div class=\"elementor-element elementor-element-2011fb5 elementor-widget elementor-widget-tp-adv-text-block\" data-id=\"2011fb5\" data-element_type=\"widget\" data-e-type=\"widget\" data-widget_type=\"tp-adv-text-block.default\">\n\t\t\t\t\t<div class=\"pt-plus-text-block-wrapper\" data-tp-gsap-textblock=\"\" ><div class=\"text_block_parallax\"><div class=\"pt_plus_adv_text_block\" ><div class=\"text-content-block\"><p data-start=\"2726\" data-end=\"2800\">Las solicitudes de cancelaci\u00f3n o reembolso deben enviarse por correo electr\u00f3nico a<\/p><p data-start=\"2802\" data-end=\"2825\">\ud83d\udce9 <a class=\"decorated-link cursor-pointer\" rel=\"noopener\" data-start=\"2805\" data-end=\"2823\">info@world4all.fun<\/a><\/p><p data-start=\"2827\" data-end=\"2860\">La comunicaci\u00f3n debe contener:<\/p><ul data-start=\"2861\" data-end=\"2921\"><li data-start=\"2861\" data-end=\"2877\"><p data-start=\"2863\" data-end=\"2877\">Nombre y apellidos<\/p><\/li><li data-start=\"2878\" data-end=\"2893\"><p data-start=\"2880\" data-end=\"2893\">N\u00famero de pedido<\/p><\/li><li data-start=\"2894\" data-end=\"2921\"><p data-start=\"2896\" data-end=\"2921\">Nombre del curso adquirido<\/p><\/li><\/ul><\/div><\/div><\/div><\/div>\t\t\t\t<\/div>\n\t\t<div class=\"elementor-element elementor-element-0f94074 e-con-full e-flex e-con e-child\" data-id=\"0f94074\" data-element_type=\"container\" data-e-type=\"container\">\n\t\t\t\t<div class=\"elementor-element elementor-element-9f42f13 text-left text--mobilecenter elementor-widget elementor-widget-tp-heading-title\" data-id=\"9f42f13\" data-element_type=\"widget\" data-e-type=\"widget\" data-widget_type=\"tp-heading-title.default\">\n\t\t\t\t\t<div class=\"heading heading_style heading_style6a0914f05522c style-1\"  data-tp-gsap-heading-text=\"\" data-tp-gsap-sub-heading-text=\"\"><div class=\"sub-style\" ><div class=\"head-title\" > <h2  class=\"heading-title\"  data-hover=\"8. Disposizioni finali\">8. Disposiciones finales<span class=\"title-s\">  <\/span><\/h2><\/div><\/div><\/div>\t\t\t\t<\/div>\n\t\t\t\t<div class=\"elementor-element elementor-element-abebabc elementor-widget elementor-widget-tp-adv-text-block\" data-id=\"abebabc\" data-element_type=\"widget\" data-e-type=\"widget\" data-widget_type=\"tp-adv-text-block.default\">\n\t\t\t\t\t<div class=\"pt-plus-text-block-wrapper\" data-tp-gsap-textblock=\"\" ><div class=\"text_block_parallax\"><div class=\"pt_plus_adv_text_block\" ><div class=\"text-content-block\"><p data-start=\"2726\" data-end=\"2800\">Esta Pol\u00edtica se aplica a todos los Cursos adquiridos a trav\u00e9s del sitio web oficial.<br data-start=\"3040\" data-end=\"3043\" \/>Cualquier condici\u00f3n especial podr\u00e1 indicarse en la p\u00e1gina espec\u00edfica de cada Curso.<\/p><\/div><\/div><\/div><\/div>\t\t\t\t<\/div>\n\t\t\t\t<\/div>\n\t\t\t\t<\/div>\n\t\t\t\t<\/div>\n\t\t\t\t<\/div>\n\t\t\t\t<\/div>\n\t\t\t\t<\/div>\n\t\t\t\t<\/div>\n\t\t\t\t<\/div>\n\t\t\t\t<\/div>\n\t\t\t\t<\/div>\n\t\t\t\t<\/div>","protected":false},"excerpt":{"rendered":"<p>Home Rimborso e reso \u00a0Oggetto La presente Politica disciplina le condizioni di rimborso relative all\u2019acquisto di corsi formativi erogati tramite il sito World4All (di seguito \u201cCorsi\u201d), sia in modalit\u00e0 online sia in presenza. L\u2019acquisto di un Corso implica l\u2019accettazione integrale della presente Politica. 2. Diritto di recesso (Consumatori) Ai sensi del D.Lgs. 206\/2005 (Codice del [&hellip;]<\/p>\n","protected":false},"author":1,"featured_media":0,"parent":0,"menu_order":0,"comment_status":"closed","ping_status":"closed","template":"elementor_header_footer","meta":{"footnotes":""},"class_list":["post-2655","page","type-page","status-publish","hentry"],"aioseo_notices":[],"_links":{"self":[{"href":"https:\/\/world4all.fun\/es\/wp-json\/wp\/v2\/pages\/2655","targetHints":{"allow":["GET"]}}],"collection":[{"href":"https:\/\/world4all.fun\/es\/wp-json\/wp\/v2\/pages"}],"about":[{"href":"https:\/\/world4all.fun\/es\/wp-json\/wp\/v2\/types\/page"}],"author":[{"embeddable":true,"href":"https:\/\/world4all.fun\/es\/wp-json\/wp\/v2\/users\/1"}],"replies":[{"embeddable":true,"href":"https:\/\/world4all.fun\/es\/wp-json\/wp\/v2\/comments?post=2655"}],"version-history":[{"count":0,"href":"https:\/\/world4all.fun\/es\/wp-json\/wp\/v2\/pages\/2655\/revisions"}],"wp:attachment":[{"href":"https:\/\/world4all.fun\/es\/wp-json\/wp\/v2\/media?parent=2655"}],"curies":[{"name":"wp","href":"https:\/\/api.w.org\/{rel}","templated":true}]}}