{"id":2975,"date":"2026-03-03T13:04:41","date_gmt":"2026-03-03T13:04:41","guid":{"rendered":"https:\/\/world4all.fun\/accessibility-statement-2\/"},"modified":"2026-03-03T13:04:41","modified_gmt":"2026-03-03T13:04:41","slug":"accessibility-statement-2","status":"publish","type":"page","link":"https:\/\/world4all.fun\/es\/accessibility-statement-2\/","title":{"rendered":"Declaraci\u00f3n de accesibilidad"},"content":{"rendered":"<h6 class=\"wp-block-heading has-text-align-center\">Declaraci\u00f3n de accesibilidad para https:\/\/world4all.fun\/<\/h6>\n\n\n<p><strong>Mundo4Todos<\/strong> se compromete a garantizar la accesibilidad digital de las personas con discapacidad. Mejoramos continuamente la experiencia de usuario para todas las personas que acceden al sitio y aplicamos las normas de accesibilidad pertinentes.<\/p>\n\n\n<h6 class=\"wp-block-heading\">Estado de cumplimiento<\/h6>\n\n\n<p>Las Pautas de Accesibilidad al Contenido en Internet (WCAG) definen los requisitos que deben cumplir quienes crean y desarrollan sitios para mejorar la accesibilidad de las personas con discapacidad. Definen tres niveles de conformidad: Nivel A, Nivel AA y Nivel AAA.<\/p>\n\n\n<p><strong>Mundo4Todos<\/strong> se esfuerza constantemente por mejorar la accesibilidad de su sitio y sus servicios, en la creencia de que es nuestra obligaci\u00f3n moral colectiva permitir un uso fluido, accesible y sin trabas a las personas con discapacidad.<\/p>\n\n\n<p>Nuestro objetivo es que todas las p\u00e1ginas y contenidos de <strong>https:\/\/world4all.fun\/<\/strong>, pero es posible que algunos contenidos a\u00fan no cumplan plenamente las normas m\u00e1s estrictas de accesibilidad. Esto puede deberse a dificultades para encontrar la soluci\u00f3n tecnol\u00f3gica m\u00e1s adecuada.<\/p>\n\n\n<p>Podemos revisar esta Pol\u00edtica peri\u00f3dicamente para reflejar mejoras o cambios en nuestras pr\u00e1cticas de accesibilidad.<\/p>\n\n\n<h6 class=\"wp-block-heading\">Comentarios<\/h6>\n\n\n<p>Agradecemos sus comentarios sobre la accesibilidad del sitio web <strong>Mundo4Todos<\/strong>. H\u00e1ganos saber si encuentra barreras de accesibilidad en nuestro sitio web:<\/p>\n\n\n<p>Correo electr\u00f3nico: <strong>amministrazione@world4all.fun<\/strong><\/p>\n\n\n<p>Intentamos responder a los comentarios en un plazo de 3 a 5 d\u00edas laborables.<\/p>\n\n\n<p>Esta declaraci\u00f3n se cre\u00f3 el 03\/03\/2026. <\/p>","protected":false},"excerpt":{"rendered":"<p>Dichiarazione di accessibilit\u00e0 per https:\/\/world4all.fun\/ World4All si impegna a garantire l&#8217;accessibilit\u00e0 digitale alle persone disabilizzate. Miglioriamo continuamente l&#8217;esperienza d&#8217;uso per tutte le persone che accedono al sito e applichiamo i relativi standard di accessibilit\u00e0. Stato di conformit\u00e0 Le Linee guida per l\u2019accessibilit\u00e0 dei contenuti eeb (WCAG) definiscono i requisiti per chi crea e sviluppa i [&hellip;]<\/p>\n","protected":false},"author":1,"featured_media":0,"parent":0,"menu_order":0,"comment_status":"closed","ping_status":"closed","template":"","meta":{"footnotes":""},"class_list":["post-2975","page","type-page","status-publish","hentry"],"aioseo_notices":[],"_links":{"self":[{"href":"https:\/\/world4all.fun\/es\/wp-json\/wp\/v2\/pages\/2975","targetHints":{"allow":["GET"]}}],"collection":[{"href":"https:\/\/world4all.fun\/es\/wp-json\/wp\/v2\/pages"}],"about":[{"href":"https:\/\/world4all.fun\/es\/wp-json\/wp\/v2\/types\/page"}],"author":[{"embeddable":true,"href":"https:\/\/world4all.fun\/es\/wp-json\/wp\/v2\/users\/1"}],"replies":[{"embeddable":true,"href":"https:\/\/world4all.fun\/es\/wp-json\/wp\/v2\/comments?post=2975"}],"version-history":[{"count":0,"href":"https:\/\/world4all.fun\/es\/wp-json\/wp\/v2\/pages\/2975\/revisions"}],"wp:attachment":[{"href":"https:\/\/world4all.fun\/es\/wp-json\/wp\/v2\/media?parent=2975"}],"curies":[{"name":"wp","href":"https:\/\/api.w.org\/{rel}","templated":true}]}}